{"id":20,"date":"2023-06-29T18:27:18","date_gmt":"2023-06-29T18:27:18","guid":{"rendered":"https:\/\/oleyole.adrirodrigoagencia.es\/?page_id=20"},"modified":"2024-05-29T12:34:07","modified_gmt":"2024-05-29T10:34:07","slug":"about-us","status":"publish","type":"page","link":"https:\/\/productosoleyole.com\/en\/conocenos\/","title":{"rendered":"About us"},"content":{"rendered":"<style>.elementor-20 .elementor-element.elementor-element-00a2c0e:not(.elementor-motion-effects-element-type-background), .elementor-20 .elementor-element.elementor-element-00a2c0e > .elementor-motion-effects-container > .elementor-motion-effects-layer{background-image:url(\"https:\/\/productosoleyole.com\/wp-content\/uploads\/2023\/10\/conocenos.jpg\");background-position:center center;background-repeat:no-repeat;background-size:cover;}.elementor-20 .elementor-element.elementor-element-00a2c0e > .elementor-background-overlay{background-color:transparent;background-image:linear-gradient(135deg, var( --e-global-color-0e5cd85 ) 0%, var( --e-global-color-1b62f5e ) 100%);opacity:0.9;transition:background 0.3s, border-radius 0.3s, opacity 0.3s;}.elementor-20 .elementor-element.elementor-element-00a2c0e{transition:background 0.3s, border 0.3s, border-radius 0.3s, box-shadow 0.3s;padding:160px 0px 100px 0px;}.elementor-20 .elementor-element.elementor-element-4e911e7{text-align:center;}.elementor-20 .elementor-element.elementor-element-4e911e7 .elementor-heading-title{color:var( --e-global-color-primary );}.elementor-20 .elementor-element.elementor-element-b01b84e{--spacer-size:5px;}.elementor-20 .elementor-element.elementor-element-cd9d90a{columns:2;column-gap:30px;color:var( --e-global-color-primary );}.elementor-20 .elementor-element.elementor-element-cb2cef6{--spacer-size:5px;}.elementor-20 .elementor-element.elementor-element-5a1b1df{text-align:center;}.elementor-20 .elementor-element.elementor-element-5a1b1df img{width:180px;}@media(max-width:1536px){.elementor-20 .elementor-element.elementor-element-00a2c0e{padding:160px 20px 100px 20px;}}@media(max-width:1103px){.elementor-20 .elementor-element.elementor-element-5a1b1df img{width:150px;}}@media(max-width:850px){.elementor-20 .elementor-element.elementor-element-cd9d90a{columns:1;}}@media(max-width:767px){.elementor-20 .elementor-element.elementor-element-00a2c0e{padding:120px 20px 80px 20px;}}<\/style>\t\t<div data-elementor-type=\"wp-page\" data-elementor-id=\"20\" class=\"elementor elementor-20\" data-elementor-post-type=\"page\">\n\t\t\t\t\t\t<section class=\"elementor-section elementor-top-section elementor-element elementor-element-00a2c0e elementor-section-boxed elementor-section-height-default elementor-section-height-default\" data-id=\"00a2c0e\" data-element_type=\"section\" data-e-type=\"section\" data-settings=\"{&quot;jet_parallax_layout_list&quot;:[],&quot;background_background&quot;:&quot;classic&quot;}\">\n\t\t\t\t\t\t\t<div class=\"elementor-background-overlay\"><\/div>\n\t\t\t\t\t\t\t<div class=\"elementor-container elementor-column-gap-no\">\n\t\t\t\t\t<div class=\"elementor-column elementor-col-100 elementor-top-column elementor-element elementor-element-318ec9b animated-fast elementor-invisible\" data-id=\"318ec9b\" data-element_type=\"column\" data-e-type=\"column\" data-settings=\"{&quot;animation&quot;:&quot;zoomIn&quot;}\">\n\t\t\t<div class=\"elementor-widget-wrap elementor-element-populated\">\n\t\t\t\t\t\t<div class=\"elementor-element elementor-element-4e911e7 elementor-widget elementor-widget-heading\" data-id=\"4e911e7\" data-element_type=\"widget\" data-e-type=\"widget\" data-widget_type=\"heading.default\">\n\t\t\t\t<div class=\"elementor-widget-container\">\n\t\t\t\t\t<h1 class=\"elementor-heading-title elementor-size-default\">About us<\/h1>\t\t\t\t<\/div>\n\t\t\t\t<\/div>\n\t\t\t\t<div class=\"elementor-element elementor-element-b01b84e elementor-widget elementor-widget-spacer\" data-id=\"b01b84e\" data-element_type=\"widget\" data-e-type=\"widget\" data-widget_type=\"spacer.default\">\n\t\t\t\t<div class=\"elementor-widget-container\">\n\t\t\t\t\t\t\t<div class=\"elementor-spacer\">\n\t\t\t<div class=\"elementor-spacer-inner\"><\/div>\n\t\t<\/div>\n\t\t\t\t\t\t<\/div>\n\t\t\t\t<\/div>\n\t\t\t\t<div class=\"elementor-element elementor-element-cd9d90a elementor-widget elementor-widget-text-editor\" data-id=\"cd9d90a\" data-element_type=\"widget\" data-e-type=\"widget\" data-widget_type=\"text-editor.default\">\n\t\t\t\t<div class=\"elementor-widget-container\">\n\t\t\t\t\t\t\t\t\t<p>We are a natural beverages factory located in Alzira, capital of the Ribera Alta Region in Valencia. Our warehouses are on the outskirts of the city, next to the orange, persimmon and pomegranate fields.<\/p><p>Initially we started as a natural juice factory, that's where our great passion for 100% natural and freshly squeezed products comes from. We don't even want to see additives, aromas and preservatives, rather 0 of anything that is not a natural product.<\/p><p>We are passionate about Valencian hydraulic ceramics, we like to remember those mosaics in all the kitchens of houses, restaurants and bars. We would like to take these mosaics to all these places again, but in another way, of course, bottled and very cold please.<\/p><p>It should be noted that our perseverance in increasing quality, capacity for improvement and efficiency has enabled us to obtain IFS certification, one of the most high reputation standards in terms of quality and food safety.<\/p>\t\t\t\t\t\t\t\t<\/div>\n\t\t\t\t<\/div>\n\t\t\t\t<div class=\"elementor-element elementor-element-cb2cef6 elementor-widget elementor-widget-spacer\" data-id=\"cb2cef6\" data-element_type=\"widget\" data-e-type=\"widget\" data-widget_type=\"spacer.default\">\n\t\t\t\t<div class=\"elementor-widget-container\">\n\t\t\t\t\t\t\t<div class=\"elementor-spacer\">\n\t\t\t<div class=\"elementor-spacer-inner\"><\/div>\n\t\t<\/div>\n\t\t\t\t\t\t<\/div>\n\t\t\t\t<\/div>\n\t\t\t\t<div class=\"elementor-element elementor-element-5a1b1df animated-slow elementor-invisible elementor-widget elementor-widget-image\" data-id=\"5a1b1df\" data-element_type=\"widget\" data-e-type=\"widget\" data-settings=\"{&quot;_animation&quot;:&quot;fadeIn&quot;,&quot;_animation_delay&quot;:450}\" data-widget_type=\"image.default\">\n\t\t\t\t<div class=\"elementor-widget-container\">\n\t\t\t\t\t\t\t\t\t\t\t\t\t\t\t<img fetchpriority=\"high\" decoding=\"async\" width=\"800\" height=\"456\" src=\"https:\/\/productosoleyole.com\/wp-content\/uploads\/2023\/10\/ifs.png\" class=\"attachment-full size-full wp-image-2031\" alt=\"\" srcset=\"https:\/\/productosoleyole.com\/wp-content\/uploads\/2023\/10\/ifs.png 800w, https:\/\/productosoleyole.com\/wp-content\/uploads\/2023\/10\/ifs-300x171.png 300w, https:\/\/productosoleyole.com\/wp-content\/uploads\/2023\/10\/ifs-768x438.png 768w, https:\/\/productosoleyole.com\/wp-content\/uploads\/2023\/10\/ifs-18x10.png 18w\" sizes=\"(max-width: 800px) 100vw, 800px\" \/>\t\t\t\t\t\t\t\t\t\t\t\t\t\t\t<\/div>\n\t\t\t\t<\/div>\n\t\t\t\t\t<\/div>\n\t\t<\/div>\n\t\t\t\t\t<\/div>\n\t\t<\/section>\n\t\t\t\t<\/div>","protected":false},"excerpt":{"rendered":"<p>Con\u00f3cenos Somos una f\u00e1brica de Sangr\u00eda y c\u00f3cteles ubicada en Alzira, capital de la Ribera Alta. Nuestras naves est\u00e1n a las afueras de la ciudad, junto a los campos de naranjas, kakis y granadas. Inicialmente empezamos siendo una f\u00e1brica de zumos naturales, de ah\u00ed viene nuestra gran pasi\u00f3n por el producto 100% natural y reci\u00e9n [&hellip;]<\/p>\n","protected":false},"author":2,"featured_media":0,"parent":0,"menu_order":4,"comment_status":"closed","ping_status":"closed","template":"elementor_header_footer","meta":{"site-sidebar-layout":"no-sidebar","site-content-layout":"page-builder","ast-site-content-layout":"full-width-container","site-content-style":"default","site-sidebar-style":"default","ast-global-header-display":"","ast-banner-title-visibility":"","ast-main-header-display":"","ast-hfb-above-header-display":"","ast-hfb-below-header-display":"","ast-hfb-mobile-header-display":"","site-post-title":"disabled","ast-breadcrumbs-content":"","ast-featured-img":"disabled","footer-sml-layout":"","ast-disable-related-posts":"","theme-transparent-header-meta":"default","adv-header-id-meta":"","stick-header-meta":"","header-above-stick-meta":"","header-main-stick-meta":"","header-below-stick-meta":"","astra-migrate-meta-layouts":"default","ast-page-background-enabled":"default","ast-page-background-meta":{"desktop":{"background-color":"var(--ast-global-color-4)","background-image":"","background-repeat":"repeat","background-position":"center center","background-size":"auto","background-attachment":"scroll","background-type":"","background-media":"","overlay-type":"","overlay-color":"","overlay-opacity":"","overlay-gradient":""},"tablet":{"background-color":"","background-image":"","background-repeat":"repeat","background-position":"center center","background-size":"auto","background-attachment":"scroll","background-type":"","background-media":"","overlay-type":"","overlay-color":"","overlay-opacity":"","overlay-gradient":""},"mobile":{"background-color":"","background-image":"","background-repeat":"repeat","background-position":"center center","background-size":"auto","background-attachment":"scroll","background-type":"","background-media":"","overlay-type":"","overlay-color":"","overlay-opacity":"","overlay-gradient":""}},"ast-content-background-meta":{"desktop":{"background-color":"var(--ast-global-color-5)","background-image":"","background-repeat":"repeat","background-position":"center center","background-size":"auto","background-attachment":"scroll","background-type":"","background-media":"","overlay-type":"","overlay-color":"","overlay-opacity":"","overlay-gradient":""},"tablet":{"background-color":"var(--ast-global-color-5)","background-image":"","background-repeat":"repeat","background-position":"center center","background-size":"auto","background-attachment":"scroll","background-type":"","background-media":"","overlay-type":"","overlay-color":"","overlay-opacity":"","overlay-gradient":""},"mobile":{"background-color":"var(--ast-global-color-5)","background-image":"","background-repeat":"repeat","background-position":"center center","background-size":"auto","background-attachment":"scroll","background-type":"","background-media":"","overlay-type":"","overlay-color":"","overlay-opacity":"","overlay-gradient":""}},"footnotes":""},"class_list":["post-20","page","type-page","status-publish","hentry"],"yoast_head":"<!-- This site is optimized with the Yoast SEO plugin v27.4 - https:\/\/yoast.com\/product\/yoast-seo-wordpress\/ -->\n<title>\u25b7 Productos Ole y Ole - Con\u00f3cenos<\/title>\n<meta name=\"description\" content=\"Descubre las Sangr\u00edas Naturales de Productos Ole y Ole, fabricadas en Alzira, rodeadas de campos de naranjas, kakis y granadas. \u00a1Sabor aut\u00e9ntico y refrescante!\" \/>\n<meta name=\"robots\" content=\"index, follow, max-snippet:-1, max-image-preview:large, max-video-preview:-1\" \/>\n<link rel=\"canonical\" href=\"https:\/\/productosoleyole.com\/en\/about-us\/\" \/>\n<meta property=\"og:locale\" content=\"en_GB\" \/>\n<meta property=\"og:type\" content=\"article\" \/>\n<meta property=\"og:title\" content=\"\u25b7 Productos Ole y Ole - Con\u00f3cenos\" \/>\n<meta property=\"og:description\" content=\"Descubre las Sangr\u00edas Naturales de Productos Ole y Ole, fabricadas en Alzira, rodeadas de campos de naranjas, kakis y granadas. \u00a1Sabor aut\u00e9ntico y refrescante!\" \/>\n<meta property=\"og:url\" content=\"https:\/\/productosoleyole.com\/en\/about-us\/\" \/>\n<meta property=\"og:site_name\" content=\"HAPPYOLE\" \/>\n<meta property=\"article:modified_time\" content=\"2024-05-29T10:34:07+00:00\" \/>\n<meta property=\"og:image\" content=\"https:\/\/productosoleyole.com\/wp-content\/uploads\/2023\/10\/ifs.png\" \/>\n<meta name=\"twitter:card\" content=\"summary_large_image\" \/>\n<meta name=\"twitter:label1\" content=\"Estimated reading time\" \/>\n\t<meta name=\"twitter:data1\" content=\"1 minute\" \/>\n<script type=\"application\/ld+json\" class=\"yoast-schema-graph\">{\"@context\":\"https:\\\/\\\/schema.org\",\"@graph\":[{\"@type\":\"WebPage\",\"@id\":\"https:\\\/\\\/productosoleyole.com\\\/conocenos\\\/\",\"url\":\"https:\\\/\\\/productosoleyole.com\\\/conocenos\\\/\",\"name\":\"\u25b7 Productos Ole y Ole - Con\u00f3cenos\",\"isPartOf\":{\"@id\":\"https:\\\/\\\/productosoleyole.com\\\/#website\"},\"primaryImageOfPage\":{\"@id\":\"https:\\\/\\\/productosoleyole.com\\\/conocenos\\\/#primaryimage\"},\"image\":{\"@id\":\"https:\\\/\\\/productosoleyole.com\\\/conocenos\\\/#primaryimage\"},\"thumbnailUrl\":\"https:\\\/\\\/productosoleyole.com\\\/wp-content\\\/uploads\\\/2023\\\/10\\\/ifs.png\",\"datePublished\":\"2023-06-29T18:27:18+00:00\",\"dateModified\":\"2024-05-29T10:34:07+00:00\",\"description\":\"Descubre las Sangr\u00edas Naturales de Productos Ole y Ole, fabricadas en Alzira, rodeadas de campos de naranjas, kakis y granadas. \u00a1Sabor aut\u00e9ntico y refrescante!\",\"breadcrumb\":{\"@id\":\"https:\\\/\\\/productosoleyole.com\\\/conocenos\\\/#breadcrumb\"},\"inLanguage\":\"en-GB\",\"potentialAction\":[{\"@type\":\"ReadAction\",\"target\":[\"https:\\\/\\\/productosoleyole.com\\\/conocenos\\\/\"]}]},{\"@type\":\"ImageObject\",\"inLanguage\":\"en-GB\",\"@id\":\"https:\\\/\\\/productosoleyole.com\\\/conocenos\\\/#primaryimage\",\"url\":\"https:\\\/\\\/productosoleyole.com\\\/wp-content\\\/uploads\\\/2023\\\/10\\\/ifs.png\",\"contentUrl\":\"https:\\\/\\\/productosoleyole.com\\\/wp-content\\\/uploads\\\/2023\\\/10\\\/ifs.png\"},{\"@type\":\"BreadcrumbList\",\"@id\":\"https:\\\/\\\/productosoleyole.com\\\/conocenos\\\/#breadcrumb\",\"itemListElement\":[{\"@type\":\"ListItem\",\"position\":1,\"name\":\"Portada\",\"item\":\"https:\\\/\\\/productosoleyole.com\\\/\"},{\"@type\":\"ListItem\",\"position\":2,\"name\":\"Con\u00f3cenos\"}]},{\"@type\":\"WebSite\",\"@id\":\"https:\\\/\\\/productosoleyole.com\\\/#website\",\"url\":\"https:\\\/\\\/productosoleyole.com\\\/\",\"name\":\"HAPPYOLE\",\"description\":\"Sangr\u00edas y cocteles\",\"publisher\":{\"@id\":\"https:\\\/\\\/productosoleyole.com\\\/#organization\"},\"potentialAction\":[{\"@type\":\"SearchAction\",\"target\":{\"@type\":\"EntryPoint\",\"urlTemplate\":\"https:\\\/\\\/productosoleyole.com\\\/?s={search_term_string}\"},\"query-input\":{\"@type\":\"PropertyValueSpecification\",\"valueRequired\":true,\"valueName\":\"search_term_string\"}}],\"inLanguage\":\"en-GB\"},{\"@type\":\"Organization\",\"@id\":\"https:\\\/\\\/productosoleyole.com\\\/#organization\",\"name\":\"HAPPYOLE\",\"url\":\"https:\\\/\\\/productosoleyole.com\\\/\",\"logo\":{\"@type\":\"ImageObject\",\"inLanguage\":\"en-GB\",\"@id\":\"https:\\\/\\\/productosoleyole.com\\\/#\\\/schema\\\/logo\\\/image\\\/\",\"url\":\"https:\\\/\\\/productosoleyole.com\\\/wp-content\\\/uploads\\\/2023\\\/05\\\/logo.png\",\"contentUrl\":\"https:\\\/\\\/productosoleyole.com\\\/wp-content\\\/uploads\\\/2023\\\/05\\\/logo.png\",\"width\":337,\"height\":231,\"caption\":\"HAPPYOLE\"},\"image\":{\"@id\":\"https:\\\/\\\/productosoleyole.com\\\/#\\\/schema\\\/logo\\\/image\\\/\"}}]}<\/script>\n<!-- \/ Yoast SEO plugin. -->","yoast_head_json":{"title":"\u25b7 Productos Ole y Ole - Con\u00f3cenos","description":"Descubre las Sangr\u00edas Naturales de Productos Ole y Ole, fabricadas en Alzira, rodeadas de campos de naranjas, kakis y granadas. \u00a1Sabor aut\u00e9ntico y refrescante!","robots":{"index":"index","follow":"follow","max-snippet":"max-snippet:-1","max-image-preview":"max-image-preview:large","max-video-preview":"max-video-preview:-1"},"canonical":"https:\/\/productosoleyole.com\/en\/about-us\/","og_locale":"en_GB","og_type":"article","og_title":"\u25b7 Productos Ole y Ole - Con\u00f3cenos","og_description":"Descubre las Sangr\u00edas Naturales de Productos Ole y Ole, fabricadas en Alzira, rodeadas de campos de naranjas, kakis y granadas. \u00a1Sabor aut\u00e9ntico y refrescante!","og_url":"https:\/\/productosoleyole.com\/en\/about-us\/","og_site_name":"HAPPYOLE","article_modified_time":"2024-05-29T10:34:07+00:00","og_image":[{"url":"https:\/\/productosoleyole.com\/wp-content\/uploads\/2023\/10\/ifs.png","type":"","width":"","height":""}],"twitter_card":"summary_large_image","twitter_misc":{"Estimated reading time":"1 minute"},"schema":{"@context":"https:\/\/schema.org","@graph":[{"@type":"WebPage","@id":"https:\/\/productosoleyole.com\/conocenos\/","url":"https:\/\/productosoleyole.com\/conocenos\/","name":"\u25b7 Productos Ole y Ole - Con\u00f3cenos","isPartOf":{"@id":"https:\/\/productosoleyole.com\/#website"},"primaryImageOfPage":{"@id":"https:\/\/productosoleyole.com\/conocenos\/#primaryimage"},"image":{"@id":"https:\/\/productosoleyole.com\/conocenos\/#primaryimage"},"thumbnailUrl":"https:\/\/productosoleyole.com\/wp-content\/uploads\/2023\/10\/ifs.png","datePublished":"2023-06-29T18:27:18+00:00","dateModified":"2024-05-29T10:34:07+00:00","description":"Descubre las Sangr\u00edas Naturales de Productos Ole y Ole, fabricadas en Alzira, rodeadas de campos de naranjas, kakis y granadas. \u00a1Sabor aut\u00e9ntico y refrescante!","breadcrumb":{"@id":"https:\/\/productosoleyole.com\/conocenos\/#breadcrumb"},"inLanguage":"en-GB","potentialAction":[{"@type":"ReadAction","target":["https:\/\/productosoleyole.com\/conocenos\/"]}]},{"@type":"ImageObject","inLanguage":"en-GB","@id":"https:\/\/productosoleyole.com\/conocenos\/#primaryimage","url":"https:\/\/productosoleyole.com\/wp-content\/uploads\/2023\/10\/ifs.png","contentUrl":"https:\/\/productosoleyole.com\/wp-content\/uploads\/2023\/10\/ifs.png"},{"@type":"BreadcrumbList","@id":"https:\/\/productosoleyole.com\/conocenos\/#breadcrumb","itemListElement":[{"@type":"ListItem","position":1,"name":"Portada","item":"https:\/\/productosoleyole.com\/"},{"@type":"ListItem","position":2,"name":"Con\u00f3cenos"}]},{"@type":"WebSite","@id":"https:\/\/productosoleyole.com\/#website","url":"https:\/\/productosoleyole.com\/","name":"HAPPYOLE","description":"Sangr\u00edas y cocteles","publisher":{"@id":"https:\/\/productosoleyole.com\/#organization"},"potentialAction":[{"@type":"SearchAction","target":{"@type":"EntryPoint","urlTemplate":"https:\/\/productosoleyole.com\/?s={search_term_string}"},"query-input":{"@type":"PropertyValueSpecification","valueRequired":true,"valueName":"search_term_string"}}],"inLanguage":"en-GB"},{"@type":"Organization","@id":"https:\/\/productosoleyole.com\/#organization","name":"HAPPYOLE","url":"https:\/\/productosoleyole.com\/","logo":{"@type":"ImageObject","inLanguage":"en-GB","@id":"https:\/\/productosoleyole.com\/#\/schema\/logo\/image\/","url":"https:\/\/productosoleyole.com\/wp-content\/uploads\/2023\/05\/logo.png","contentUrl":"https:\/\/productosoleyole.com\/wp-content\/uploads\/2023\/05\/logo.png","width":337,"height":231,"caption":"HAPPYOLE"},"image":{"@id":"https:\/\/productosoleyole.com\/#\/schema\/logo\/image\/"}}]}},"_links":{"self":[{"href":"https:\/\/productosoleyole.com\/en\/wp-json\/wp\/v2\/pages\/20","targetHints":{"allow":["GET"]}}],"collection":[{"href":"https:\/\/productosoleyole.com\/en\/wp-json\/wp\/v2\/pages"}],"about":[{"href":"https:\/\/productosoleyole.com\/en\/wp-json\/wp\/v2\/types\/page"}],"author":[{"embeddable":true,"href":"https:\/\/productosoleyole.com\/en\/wp-json\/wp\/v2\/users\/2"}],"replies":[{"embeddable":true,"href":"https:\/\/productosoleyole.com\/en\/wp-json\/wp\/v2\/comments?post=20"}],"version-history":[{"count":4,"href":"https:\/\/productosoleyole.com\/en\/wp-json\/wp\/v2\/pages\/20\/revisions"}],"predecessor-version":[{"id":2398,"href":"https:\/\/productosoleyole.com\/en\/wp-json\/wp\/v2\/pages\/20\/revisions\/2398"}],"wp:attachment":[{"href":"https:\/\/productosoleyole.com\/en\/wp-json\/wp\/v2\/media?parent=20"}],"curies":[{"name":"wp","href":"https:\/\/api.w.org\/{rel}","templated":true}]}}