{"id":23,"date":"2023-06-29T18:28:25","date_gmt":"2023-06-29T18:28:25","guid":{"rendered":"https:\/\/oleyole.adrirodrigoagencia.es\/?page_id=23"},"modified":"2023-12-27T11:38:30","modified_gmt":"2023-12-27T10:38:30","slug":"cookies","status":"publish","type":"page","link":"https:\/\/productosoleyole.com\/en\/cookies\/","title":{"rendered":"Cookies policy"},"content":{"rendered":"<div data-elementor-type=\"wp-page\" data-elementor-id=\"23\" class=\"elementor elementor-23\" data-elementor-post-type=\"page\">\n\t\t\t\t\t\t<section class=\"elementor-section elementor-top-section elementor-element elementor-element-24e8a09 elementor-section-boxed elementor-section-height-default elementor-section-height-default\" data-id=\"24e8a09\" data-element_type=\"section\" data-e-type=\"section\" data-settings=\"{&quot;jet_parallax_layout_list&quot;:[]}\">\n\t\t\t\t\t\t<div class=\"elementor-container elementor-column-gap-no\">\n\t\t\t\t\t<div class=\"elementor-column elementor-col-100 elementor-top-column elementor-element elementor-element-2a8cdee\" data-id=\"2a8cdee\" data-element_type=\"column\" data-e-type=\"column\">\n\t\t\t<div class=\"elementor-widget-wrap elementor-element-populated\">\n\t\t\t\t\t\t<div class=\"elementor-element elementor-element-69550cc elementor-widget elementor-widget-template\" data-id=\"69550cc\" data-element_type=\"widget\" data-e-type=\"widget\" data-widget_type=\"template.default\">\n\t\t\t\t<div class=\"elementor-widget-container\">\n\t\t\t\t\t\t\t<div class=\"elementor-template\">\n\t\t\t\t\t<div data-elementor-type=\"section\" data-elementor-id=\"940\" class=\"elementor elementor-940\" data-elementor-post-type=\"elementor_library\">\n\t\t\t\t\t<section class=\"elementor-section elementor-top-section elementor-element elementor-element-0d3ba76 elementor-section-content-middle elementor-section-boxed elementor-section-height-default elementor-section-height-default\" data-id=\"0d3ba76\" data-element_type=\"section\" data-e-type=\"section\" data-settings=\"{&quot;jet_parallax_layout_list&quot;:[]}\">\n\t\t\t\t\t\t<div class=\"elementor-container elementor-column-gap-no\">\n\t\t\t\t\t<div class=\"elementor-column elementor-col-100 elementor-top-column elementor-element elementor-element-bfe5cf3\" data-id=\"bfe5cf3\" data-element_type=\"column\" data-e-type=\"column\">\n\t\t\t<div class=\"elementor-widget-wrap elementor-element-populated\">\n\t\t\t\t\t\t\t<\/div>\n\t\t<\/div>\n\t\t\t\t\t<\/div>\n\t\t<\/section>\n\t\t\t\t<\/div>\n\t\t\t\t<\/div>\n\t\t\t\t\t\t<\/div>\n\t\t\t\t<\/div>\n\t\t\t\t\t<\/div>\n\t\t<\/div>\n\t\t\t\t\t<\/div>\n\t\t<\/section>\n\t\t\t\t<section class=\"elementor-section elementor-top-section elementor-element elementor-element-8891536 elementor-section-boxed elementor-section-height-default elementor-section-height-default\" data-id=\"8891536\" data-element_type=\"section\" data-e-type=\"section\" data-settings=\"{&quot;jet_parallax_layout_list&quot;:[]}\">\n\t\t\t\t\t\t<div class=\"elementor-container elementor-column-gap-no\">\n\t\t\t\t\t<div class=\"elementor-column elementor-col-100 elementor-top-column elementor-element elementor-element-de0a580\" data-id=\"de0a580\" data-element_type=\"column\" data-e-type=\"column\">\n\t\t\t<div class=\"elementor-widget-wrap elementor-element-populated\">\n\t\t\t\t\t\t<div class=\"elementor-element elementor-element-4100675 elementor-widget elementor-widget-text-editor\" data-id=\"4100675\" data-element_type=\"widget\" data-e-type=\"widget\" data-widget_type=\"text-editor.default\">\n\t\t\t\t<div class=\"elementor-widget-container\">\n\t\t\t\t\t\t\t\t\t<p>Access to this Website may involve the use of cookies. Cookies are small amounts of information that are stored in the browser used by each User - on the different devices they may use to browse - so that the server remembers certain information that will later be read only by the server that implemented it. Cookies make browsing easier, more user-friendly, and do not damage the browsing device.<\/p><p>Cookies are automatic procedures for collecting information related to the preferences determined by the User during their visit to the Website in order to recognize them as a User, and personalize their experience and use of the Website, and they can also, for example, help to identify and resolve errors.<\/p><p>The information collected through cookies may include the date and time of visits to the Website, the pages viewed, the time spent on the Website and the sites visited just before and after the Website. However, no cookie allows it to contact the User's telephone number or any other means of personal contact. No cookie can extract information from the User's hard drive or steal personal information. The only way for the User's private information to be part of the Cookie file is for the user to personally give that information to the server.<\/p><p>Cookies that allow a person to be identified are considered personal data. Therefore, the Privacy Policy described above will apply to them. In this sense, the User's consent will be necessary for their use. This consent will be communicated, based on an authentic choice, offered through an affirmative and positive decision, before the initial, removable and documented treatment.<\/p>\t\t\t\t\t\t\t\t<\/div>\n\t\t\t\t<\/div>\n\t\t\t\t<div class=\"elementor-element elementor-element-e3b21a3 elementor-widget elementor-widget-heading\" data-id=\"e3b21a3\" data-element_type=\"widget\" data-e-type=\"widget\" data-widget_type=\"heading.default\">\n\t\t\t\t<div class=\"elementor-widget-container\">\n\t\t\t\t\t<h4 class=\"elementor-heading-title elementor-size-default\">Own cookies<\/h4>\t\t\t\t<\/div>\n\t\t\t\t<\/div>\n\t\t\t\t<div class=\"elementor-element elementor-element-45b64a2 elementor-widget elementor-widget-text-editor\" data-id=\"45b64a2\" data-element_type=\"widget\" data-e-type=\"widget\" data-widget_type=\"text-editor.default\">\n\t\t\t\t<div class=\"elementor-widget-container\">\n\t\t\t\t\t\t\t\t\t<p>These are cookies that are sent to the User's computer or device and managed exclusively by Ole &amp; Ole \u2013 Productos Artesanales for the best functioning of the Website. The information collected is used to improve the quality of the Website and its Content and your experience as a User. These cookies allow us to recognize the User as a recurring visitor to the Website and adapt the content to offer content that fits their preferences.<\/p>\t\t\t\t\t\t\t\t<\/div>\n\t\t\t\t<\/div>\n\t\t\t\t<div class=\"elementor-element elementor-element-d374968 elementor-widget elementor-widget-heading\" data-id=\"d374968\" data-element_type=\"widget\" data-e-type=\"widget\" data-widget_type=\"heading.default\">\n\t\t\t\t<div class=\"elementor-widget-container\">\n\t\t\t\t\t<h4 class=\"elementor-heading-title elementor-size-default\">Disable, reject and delete cookies<\/h4>\t\t\t\t<\/div>\n\t\t\t\t<\/div>\n\t\t\t\t<div class=\"elementor-element elementor-element-5349dea elementor-widget elementor-widget-text-editor\" data-id=\"5349dea\" data-element_type=\"widget\" data-e-type=\"widget\" data-widget_type=\"text-editor.default\">\n\t\t\t\t<div class=\"elementor-widget-container\">\n\t\t\t\t\t\t\t\t\t<p>The User can disable, reject and delete the cookies \u2013 totally or partially \u2013 installed on their device through the settings of their browser (including, for example, Chrome, Firefox, Safari, Explorer). In this sense, the procedures for rejecting and deleting cookies may differ from one Internet browser to another. Consequently, the User must follow the instructions provided by the Internet browser he or she is using. In the event that you reject the use of cookies \u2013 in whole or in part \u2013 you may continue using the Website, although the use of some of its features may be limited.<\/p>\t\t\t\t\t\t\t\t<\/div>\n\t\t\t\t<\/div>\n\t\t\t\t\t<\/div>\n\t\t<\/div>\n\t\t\t\t\t<\/div>\n\t\t<\/section>\n\t\t\t\t<\/div>","protected":false},"excerpt":{"rendered":"<p>El acceso a este Sitio Web puede implicar la utilizaci\u00f3n de cookies. Las cookies son peque\u00f1as cantidades de informaci\u00f3n que se almacenan en el navegador utilizado por cada Usuario \u2014en los distintos dispositivos que pueda utilizar para navegar\u2014 para que el servidor recuerde cierta informaci\u00f3n que posteriormente y \u00fanicamente el servidor que la implement\u00f3 leer\u00e1. [&hellip;]<\/p>\n","protected":false},"author":2,"featured_media":0,"parent":0,"menu_order":12,"comment_status":"closed","ping_status":"closed","template":"elementor_header_footer","meta":{"site-sidebar-layout":"no-sidebar","site-content-layout":"page-builder","ast-site-content-layout":"full-width-container","site-content-style":"unboxed","site-sidebar-style":"unboxed","ast-global-header-display":"","ast-banner-title-visibility":"","ast-main-header-display":"","ast-hfb-above-header-display":"","ast-hfb-below-header-display":"","ast-hfb-mobile-header-display":"","site-post-title":"disabled","ast-breadcrumbs-content":"","ast-featured-img":"disabled","footer-sml-layout":"","ast-disable-related-posts":"","theme-transparent-header-meta":"default","adv-header-id-meta":"","stick-header-meta":"","header-above-stick-meta":"","header-main-stick-meta":"","header-below-stick-meta":"","astra-migrate-meta-layouts":"set","ast-page-background-enabled":"default","ast-page-background-meta":{"desktop":{"background-color":"var(--ast-global-color-4)","background-image":"","background-repeat":"repeat","background-position":"center center","background-size":"auto","background-attachment":"scroll","background-type":"","background-media":"","overlay-type":"","overlay-color":"","overlay-opacity":"","overlay-gradient":""},"tablet":{"background-color":"","background-image":"","background-repeat":"repeat","background-position":"center center","background-size":"auto","background-attachment":"scroll","background-type":"","background-media":"","overlay-type":"","overlay-color":"","overlay-opacity":"","overlay-gradient":""},"mobile":{"background-color":"","background-image":"","background-repeat":"repeat","background-position":"center center","background-size":"auto","background-attachment":"scroll","background-type":"","background-media":"","overlay-type":"","overlay-color":"","overlay-opacity":"","overlay-gradient":""}},"ast-content-background-meta":{"desktop":{"background-color":"var(--ast-global-color-5)","background-image":"","background-repeat":"repeat","background-position":"center center","background-size":"auto","background-attachment":"scroll","background-type":"","background-media":"","overlay-type":"","overlay-color":"","overlay-opacity":"","overlay-gradient":""},"tablet":{"background-color":"var(--ast-global-color-5)","background-image":"","background-repeat":"repeat","background-position":"center center","background-size":"auto","background-attachment":"scroll","background-type":"","background-media":"","overlay-type":"","overlay-color":"","overlay-opacity":"","overlay-gradient":""},"mobile":{"background-color":"var(--ast-global-color-5)","background-image":"","background-repeat":"repeat","background-position":"center center","background-size":"auto","background-attachment":"scroll","background-type":"","background-media":"","overlay-type":"","overlay-color":"","overlay-opacity":"","overlay-gradient":""}},"footnotes":""},"class_list":["post-23","page","type-page","status-publish","hentry"],"yoast_head":"<!-- This site is optimized with the Yoast SEO plugin v27.4 - https:\/\/yoast.com\/product\/yoast-seo-wordpress\/ -->\n<title>Pol\u00edtica de cookies - HAPPYOLE<\/title>\n<meta name=\"robots\" content=\"noindex, follow\" \/>\n<meta property=\"og:locale\" content=\"en_GB\" \/>\n<meta property=\"og:type\" content=\"article\" \/>\n<meta property=\"og:title\" content=\"Pol\u00edtica de cookies - HAPPYOLE\" \/>\n<meta property=\"og:description\" content=\"El acceso a este Sitio Web puede implicar la utilizaci\u00f3n de cookies. Las cookies son peque\u00f1as cantidades de informaci\u00f3n que se almacenan en el navegador utilizado por cada Usuario \u2014en los distintos dispositivos que pueda utilizar para navegar\u2014 para que el servidor recuerde cierta informaci\u00f3n que posteriormente y \u00fanicamente el servidor que la implement\u00f3 leer\u00e1. [&hellip;]\" \/>\n<meta property=\"og:url\" content=\"https:\/\/productosoleyole.com\/en\/cookies\/\" \/>\n<meta property=\"og:site_name\" content=\"HAPPYOLE\" \/>\n<meta property=\"article:modified_time\" content=\"2023-12-27T10:38:30+00:00\" \/>\n<meta name=\"twitter:card\" content=\"summary_large_image\" \/>\n<meta name=\"twitter:label1\" content=\"Estimated reading time\" \/>\n\t<meta name=\"twitter:data1\" content=\"3 minutes\" \/>\n<script type=\"application\/ld+json\" class=\"yoast-schema-graph\">{\"@context\":\"https:\\\/\\\/schema.org\",\"@graph\":[{\"@type\":\"WebPage\",\"@id\":\"https:\\\/\\\/productosoleyole.com\\\/cookies\\\/\",\"url\":\"https:\\\/\\\/productosoleyole.com\\\/cookies\\\/\",\"name\":\"Pol\u00edtica de cookies - HAPPYOLE\",\"isPartOf\":{\"@id\":\"https:\\\/\\\/productosoleyole.com\\\/#website\"},\"datePublished\":\"2023-06-29T18:28:25+00:00\",\"dateModified\":\"2023-12-27T10:38:30+00:00\",\"breadcrumb\":{\"@id\":\"https:\\\/\\\/productosoleyole.com\\\/cookies\\\/#breadcrumb\"},\"inLanguage\":\"en-GB\",\"potentialAction\":[{\"@type\":\"ReadAction\",\"target\":[\"https:\\\/\\\/productosoleyole.com\\\/cookies\\\/\"]}]},{\"@type\":\"BreadcrumbList\",\"@id\":\"https:\\\/\\\/productosoleyole.com\\\/cookies\\\/#breadcrumb\",\"itemListElement\":[{\"@type\":\"ListItem\",\"position\":1,\"name\":\"Portada\",\"item\":\"https:\\\/\\\/productosoleyole.com\\\/\"},{\"@type\":\"ListItem\",\"position\":2,\"name\":\"Pol\u00edtica de cookies\"}]},{\"@type\":\"WebSite\",\"@id\":\"https:\\\/\\\/productosoleyole.com\\\/#website\",\"url\":\"https:\\\/\\\/productosoleyole.com\\\/\",\"name\":\"HAPPYOLE\",\"description\":\"Sangr\u00edas y cocteles\",\"publisher\":{\"@id\":\"https:\\\/\\\/productosoleyole.com\\\/#organization\"},\"potentialAction\":[{\"@type\":\"SearchAction\",\"target\":{\"@type\":\"EntryPoint\",\"urlTemplate\":\"https:\\\/\\\/productosoleyole.com\\\/?s={search_term_string}\"},\"query-input\":{\"@type\":\"PropertyValueSpecification\",\"valueRequired\":true,\"valueName\":\"search_term_string\"}}],\"inLanguage\":\"en-GB\"},{\"@type\":\"Organization\",\"@id\":\"https:\\\/\\\/productosoleyole.com\\\/#organization\",\"name\":\"HAPPYOLE\",\"url\":\"https:\\\/\\\/productosoleyole.com\\\/\",\"logo\":{\"@type\":\"ImageObject\",\"inLanguage\":\"en-GB\",\"@id\":\"https:\\\/\\\/productosoleyole.com\\\/#\\\/schema\\\/logo\\\/image\\\/\",\"url\":\"https:\\\/\\\/productosoleyole.com\\\/wp-content\\\/uploads\\\/2023\\\/05\\\/logo.png\",\"contentUrl\":\"https:\\\/\\\/productosoleyole.com\\\/wp-content\\\/uploads\\\/2023\\\/05\\\/logo.png\",\"width\":337,\"height\":231,\"caption\":\"HAPPYOLE\"},\"image\":{\"@id\":\"https:\\\/\\\/productosoleyole.com\\\/#\\\/schema\\\/logo\\\/image\\\/\"}}]}<\/script>\n<!-- \/ Yoast SEO plugin. -->","yoast_head_json":{"title":"Pol\u00edtica de cookies - HAPPYOLE","robots":{"index":"noindex","follow":"follow"},"og_locale":"en_GB","og_type":"article","og_title":"Pol\u00edtica de cookies - HAPPYOLE","og_description":"El acceso a este Sitio Web puede implicar la utilizaci\u00f3n de cookies. Las cookies son peque\u00f1as cantidades de informaci\u00f3n que se almacenan en el navegador utilizado por cada Usuario \u2014en los distintos dispositivos que pueda utilizar para navegar\u2014 para que el servidor recuerde cierta informaci\u00f3n que posteriormente y \u00fanicamente el servidor que la implement\u00f3 leer\u00e1. [&hellip;]","og_url":"https:\/\/productosoleyole.com\/en\/cookies\/","og_site_name":"HAPPYOLE","article_modified_time":"2023-12-27T10:38:30+00:00","twitter_card":"summary_large_image","twitter_misc":{"Estimated reading time":"3 minutes"},"schema":{"@context":"https:\/\/schema.org","@graph":[{"@type":"WebPage","@id":"https:\/\/productosoleyole.com\/cookies\/","url":"https:\/\/productosoleyole.com\/cookies\/","name":"Pol\u00edtica de cookies - HAPPYOLE","isPartOf":{"@id":"https:\/\/productosoleyole.com\/#website"},"datePublished":"2023-06-29T18:28:25+00:00","dateModified":"2023-12-27T10:38:30+00:00","breadcrumb":{"@id":"https:\/\/productosoleyole.com\/cookies\/#breadcrumb"},"inLanguage":"en-GB","potentialAction":[{"@type":"ReadAction","target":["https:\/\/productosoleyole.com\/cookies\/"]}]},{"@type":"BreadcrumbList","@id":"https:\/\/productosoleyole.com\/cookies\/#breadcrumb","itemListElement":[{"@type":"ListItem","position":1,"name":"Portada","item":"https:\/\/productosoleyole.com\/"},{"@type":"ListItem","position":2,"name":"Pol\u00edtica de cookies"}]},{"@type":"WebSite","@id":"https:\/\/productosoleyole.com\/#website","url":"https:\/\/productosoleyole.com\/","name":"HAPPYOLE","description":"Sangr\u00edas y cocteles","publisher":{"@id":"https:\/\/productosoleyole.com\/#organization"},"potentialAction":[{"@type":"SearchAction","target":{"@type":"EntryPoint","urlTemplate":"https:\/\/productosoleyole.com\/?s={search_term_string}"},"query-input":{"@type":"PropertyValueSpecification","valueRequired":true,"valueName":"search_term_string"}}],"inLanguage":"en-GB"},{"@type":"Organization","@id":"https:\/\/productosoleyole.com\/#organization","name":"HAPPYOLE","url":"https:\/\/productosoleyole.com\/","logo":{"@type":"ImageObject","inLanguage":"en-GB","@id":"https:\/\/productosoleyole.com\/#\/schema\/logo\/image\/","url":"https:\/\/productosoleyole.com\/wp-content\/uploads\/2023\/05\/logo.png","contentUrl":"https:\/\/productosoleyole.com\/wp-content\/uploads\/2023\/05\/logo.png","width":337,"height":231,"caption":"HAPPYOLE"},"image":{"@id":"https:\/\/productosoleyole.com\/#\/schema\/logo\/image\/"}}]}},"_links":{"self":[{"href":"https:\/\/productosoleyole.com\/en\/wp-json\/wp\/v2\/pages\/23","targetHints":{"allow":["GET"]}}],"collection":[{"href":"https:\/\/productosoleyole.com\/en\/wp-json\/wp\/v2\/pages"}],"about":[{"href":"https:\/\/productosoleyole.com\/en\/wp-json\/wp\/v2\/types\/page"}],"author":[{"embeddable":true,"href":"https:\/\/productosoleyole.com\/en\/wp-json\/wp\/v2\/users\/2"}],"replies":[{"embeddable":true,"href":"https:\/\/productosoleyole.com\/en\/wp-json\/wp\/v2\/comments?post=23"}],"version-history":[{"count":1,"href":"https:\/\/productosoleyole.com\/en\/wp-json\/wp\/v2\/pages\/23\/revisions"}],"predecessor-version":[{"id":2355,"href":"https:\/\/productosoleyole.com\/en\/wp-json\/wp\/v2\/pages\/23\/revisions\/2355"}],"wp:attachment":[{"href":"https:\/\/productosoleyole.com\/en\/wp-json\/wp\/v2\/media?parent=23"}],"curies":[{"name":"wp","href":"https:\/\/api.w.org\/{rel}","templated":true}]}}