{"id":24,"date":"2023-06-29T18:28:42","date_gmt":"2023-06-29T18:28:42","guid":{"rendered":"https:\/\/oleyole.adrirodrigoagencia.es\/?page_id=24"},"modified":"2023-12-27T11:38:30","modified_gmt":"2023-12-27T10:38:30","slug":"accessibility","status":"publish","type":"page","link":"https:\/\/productosoleyole.com\/en\/accesibilidad\/","title":{"rendered":"Accessibility"},"content":{"rendered":"<style>.elementor-24 .elementor-element.elementor-element-ded342c{padding:0px 0px 60px 0px;}@media(max-width:1536px){.elementor-24 .elementor-element.elementor-element-ded342c{padding:0px 50px 60px 50px;}}@media(max-width:850px){.elementor-24 .elementor-element.elementor-element-ded342c{padding:0px 20px 60px 20px;}}<\/style>\t\t<div data-elementor-type=\"wp-page\" data-elementor-id=\"24\" class=\"elementor elementor-24\" data-elementor-post-type=\"page\">\n\t\t\t\t\t\t<section class=\"elementor-section elementor-top-section elementor-element elementor-element-ec1b062 elementor-section-boxed elementor-section-height-default elementor-section-height-default\" data-id=\"ec1b062\" data-element_type=\"section\" data-e-type=\"section\" data-settings=\"{&quot;jet_parallax_layout_list&quot;:[]}\">\n\t\t\t\t\t\t<div class=\"elementor-container elementor-column-gap-no\">\n\t\t\t\t\t<div class=\"elementor-column elementor-col-100 elementor-top-column elementor-element elementor-element-fe0c5d7\" data-id=\"fe0c5d7\" data-element_type=\"column\" data-e-type=\"column\">\n\t\t\t<div class=\"elementor-widget-wrap elementor-element-populated\">\n\t\t\t\t\t\t<div class=\"elementor-element elementor-element-dd5b339 elementor-widget elementor-widget-template\" data-id=\"dd5b339\" data-element_type=\"widget\" data-e-type=\"widget\" data-widget_type=\"template.default\">\n\t\t\t\t<div class=\"elementor-widget-container\">\n\t\t\t\t\t\t\t<div class=\"elementor-template\">\n\t\t\t<style>.elementor-940 .elementor-element.elementor-element-0d3ba76 > .elementor-container > .elementor-column > .elementor-widget-wrap{align-content:center;align-items:center;}.elementor-940 .elementor-element.elementor-element-0d3ba76{padding:50px 0px 50px 0px;}.elementor-940 .elementor-element.elementor-element-3ec1391{text-align:center;}@media(max-width:1279px){.elementor-940 .elementor-element.elementor-element-0d3ba76{padding:50px 20px 50px 20px;}}@media(max-width:1103px){.elementor-940 .elementor-element.elementor-element-0d3ba76{padding:30px 20px 30px 20px;}}<\/style>\t\t<div data-elementor-type=\"section\" data-elementor-id=\"940\" class=\"elementor elementor-940\" data-elementor-post-type=\"elementor_library\">\n\t\t\t\t\t<section class=\"elementor-section elementor-top-section elementor-element elementor-element-0d3ba76 elementor-section-content-middle elementor-section-boxed elementor-section-height-default elementor-section-height-default\" data-id=\"0d3ba76\" data-element_type=\"section\" data-e-type=\"section\" data-settings=\"{&quot;jet_parallax_layout_list&quot;:[]}\">\n\t\t\t\t\t\t<div class=\"elementor-container elementor-column-gap-no\">\n\t\t\t\t\t<div class=\"elementor-column elementor-col-100 elementor-top-column elementor-element elementor-element-bfe5cf3\" data-id=\"bfe5cf3\" data-element_type=\"column\" data-e-type=\"column\">\n\t\t\t<div class=\"elementor-widget-wrap elementor-element-populated\">\n\t\t\t\t\t\t\t<\/div>\n\t\t<\/div>\n\t\t\t\t\t<\/div>\n\t\t<\/section>\n\t\t\t\t<\/div>\n\t\t\t\t<\/div>\n\t\t\t\t\t\t<\/div>\n\t\t\t\t<\/div>\n\t\t\t\t\t<\/div>\n\t\t<\/div>\n\t\t\t\t\t<\/div>\n\t\t<\/section>\n\t\t\t\t<section class=\"elementor-section elementor-top-section elementor-element elementor-element-ded342c elementor-section-boxed elementor-section-height-default elementor-section-height-default\" data-id=\"ded342c\" data-element_type=\"section\" data-e-type=\"section\" data-settings=\"{&quot;jet_parallax_layout_list&quot;:[]}\">\n\t\t\t\t\t\t<div class=\"elementor-container elementor-column-gap-no\">\n\t\t\t\t\t<div class=\"elementor-column elementor-col-100 elementor-top-column elementor-element elementor-element-a9a87a2\" data-id=\"a9a87a2\" data-element_type=\"column\" data-e-type=\"column\">\n\t\t\t<div class=\"elementor-widget-wrap elementor-element-populated\">\n\t\t\t\t\t\t<div class=\"elementor-element elementor-element-86851be elementor-widget elementor-widget-text-editor\" data-id=\"86851be\" data-element_type=\"widget\" data-e-type=\"widget\" data-widget_type=\"text-editor.default\">\n\t\t\t\t<div class=\"elementor-widget-container\">\n\t\t\t\t\t\t\t\t\t<p>El propietario del sitio web se ha comprometido en hacer accesible su sitio web de conformidad con el Real Decreto 1112\/2018, de 7 de septiembre, sobre accesibilidad de los sitios web y aplicaciones para dispositivos m\u00f3viles del sector p\u00fablico (en adelante, Real Decreto 1112\/2018, de 7 de septiembre), por el que se traspone la Directiva (UE) 2016\/2102 del Parlamento Europeo y del Consejo, de 26 de octubre de 2016. La presente declaraci\u00f3n aplica a este sitio web.<\/p><h4>Situaci\u00f3n de cumplimiento<\/h4><p><br \/>Este sitio web es parcialmente conforme con el Real Decreto 1112\/2018, de 7 de septiembre a causa de las excepciones y la falta de conformidad de los aspectos que se indican a continuaci\u00f3n. Contenido no accesible El contenido que es recoge a continuaci\u00f3n no es accesible por los siguientes motivos: Falta de conformidad con el Real Decreto 1112\/2018, de 7 de septiembre:<\/p><ol><li>Algunas im\u00e1genes no est\u00e1n etiquetadas o tienen una alternativa textual gen\u00e9rica [requisito n\u00famero 9.1.1.1 de la norma UNE-EN 301549:2019 Contenido no textual].<\/li><li>Algunos v\u00eddeos grabados pueden no contener subt\u00edtulos [requisito n\u00famero 9.1.2.2 de la norma UNE-EN 301549:2019 subt\u00edtulos (grabados)].<\/li><li>Algunos videos pregrabados en el sitio web no disponen de audio descripci\u00f3n o medios alternativos [requisitos n\u00famero 9.1.2.5 y 9.1.2.3 de la norma UNE-EN 301549:2019 Audio descripci\u00f3n o medios alternativos (grabado)].<\/li><li>En algunas p\u00e1ginas la informaci\u00f3n, estructura y relaciones no est\u00e1n determinadas por software o no tienen alternativa como texto. [requisito n\u00famero 9.1.3.1 de la UNE-EN 301549:2019 de informaci\u00f3n y relaciones.<\/li><li>En algunas p\u00e1ginas se ha utilizado el color como \u00fanico medio visual para transmitir informaci\u00f3n, indicar una acci\u00f3n, provocar una respuesta o distinguir un elemento visual [requisito n\u00famero 9.1.4.1 de la norma UNE-EN 301549:2019 uso del color].<\/li><li>En algunas p\u00e1ginas puede haber atributos e identificadores duplicados [requisito n\u00famero 9.4.1.1 de la norma UNE-EN 301549:2019 procesamiento].<\/li><li>En algunas p\u00e1ginas los componentes de interfaz de usuario como elementos de formulario, enlaces y componentes generados por script no siguen la estructura recomendada por las pautas de accesibilidad [requisito n\u00famero 9.4.1.2 de la norma UNE-EN 301549:2019 Nombre, funci\u00f3n, valor].<\/li><li>En algunos formularios el campo de entrada que recopila informaci\u00f3n sobre el usuario no tiene identificado el prop\u00f3sito [requisito n\u00famero 9.1.3.5 de la norma UNE-EN 301549:2019 identificaci\u00f3n del prop\u00f3sito de entrada].<\/li><li>En algunas p\u00e1ginas la relaci\u00f3n de contraste en texto o im\u00e1genes podr\u00eda no ser de al menos 4.5:1 [requisito n\u00famero 9.1.4.3 de la norma UNE-EN 301549:2019 contraste m\u00ednimo].<\/li><li>En algunas p\u00e1ginas el contraste de los componentes de interfaz de usuario y de objetos gr\u00e1ficos podr\u00eda no llegar al 3:1 con los colores adyacentes [requisito n\u00famero 9.1.4.11 de la norma UNE-EN 301549:2019 contraste no textual].<\/li><li>De manera puntual podr\u00eda existir alg\u00fan error de entrada en alg\u00fan campo\/formulario\u00a0 del que no se notificase al usuario la sugerencia para solucionarlo\u00a0 [requisito n\u00famero 9.3.3.3 de la norma UNE-EN 301549:2019 Sugerencia ante errores].<\/li><li>En algunas p\u00e1ginas los mensajes de estado podr\u00edan no estar determinados mediante programaci\u00f3n a trav\u00e9s de funciones o propiedades [requisito n\u00famero 9.4.1.3 de la norma UNE-EN 301549:2019 mensajes de estado].<\/li><\/ol><p>Carga desproporcionada \u00abNo aplica\u00bb. El contenido no entra dentro del \u00e1mbito de la legislaci\u00f3n aplicable.<\/p><p>Podr\u00edan existir archivos ofim\u00e1ticos en PDF o otros formatos publicados antes del 20 de septiembre de 2018 que no cumplen \u00edntegramente todos los requisitos de accesibilidad.<\/p><h4>Observaciones y datos de contacto<\/h4><p><br \/>Se pueden realizar comunicaciones sobre requisitos de accesibilidad (art\u00edculo 10.2.a del Real Decreto 1112\/2018, de 7 de septiembre), a trav\u00e9s del formulario de contacto, por ejemplo:<\/p><ul><li>Informar sobre cualquier posible incumplimiento por parte de este sitio web<\/li><li>Transmitir otras dificultades de acceso al contenido.<\/li><li>Formular cualquier otra consulta o sugerencia de mejora relativa a la accesibilidad del sitio web.<\/li><\/ul><p>Las comunicaciones ser\u00e1n recibidas y tratadas por la Unidad Responsable de Accesibilidad.<\/p>\t\t\t\t\t\t\t\t<\/div>\n\t\t\t\t<\/div>\n\t\t\t\t\t<\/div>\n\t\t<\/div>\n\t\t\t\t\t<\/div>\n\t\t<\/section>\n\t\t\t\t<\/div>\n\t\t","protected":false},"excerpt":{"rendered":"<p>El propietario del sitio web se ha comprometido en hacer accesible su sitio web de conformidad con el Real Decreto 1112\/2018, de 7 de septiembre, sobre accesibilidad de los sitios web y aplicaciones para dispositivos m\u00f3viles del sector p\u00fablico (en adelante, Real Decreto 1112\/2018, de 7 de septiembre), por el que se traspone la Directiva [&hellip;]<\/p>\n","protected":false},"author":2,"featured_media":0,"parent":0,"menu_order":13,"comment_status":"closed","ping_status":"closed","template":"elementor_header_footer","meta":{"site-sidebar-layout":"no-sidebar","site-content-layout":"page-builder","ast-site-content-layout":"default","site-content-style":"default","site-sidebar-style":"default","ast-global-header-display":"","ast-banner-title-visibility":"","ast-main-header-display":"","ast-hfb-above-header-display":"","ast-hfb-below-header-display":"","ast-hfb-mobile-header-display":"","site-post-title":"disabled","ast-breadcrumbs-content":"","ast-featured-img":"disabled","footer-sml-layout":"","ast-disable-related-posts":"","theme-transparent-header-meta":"default","adv-header-id-meta":"","stick-header-meta":"","header-above-stick-meta":"","header-main-stick-meta":"","header-below-stick-meta":"","astra-migrate-meta-layouts":"default","ast-page-background-enabled":"default","ast-page-background-meta":{"desktop":{"background-color":"var(--ast-global-color-4)","background-image":"","background-repeat":"repeat","background-position":"center center","background-size":"auto","background-attachment":"scroll","background-type":"","background-media":"","overlay-type":"","overlay-color":"","overlay-opacity":"","overlay-gradient":""},"tablet":{"background-color":"","background-image":"","background-repeat":"repeat","background-position":"center center","background-size":"auto","background-attachment":"scroll","background-type":"","background-media":"","overlay-type":"","overlay-color":"","overlay-opacity":"","overlay-gradient":""},"mobile":{"background-color":"","background-image":"","background-repeat":"repeat","background-position":"center center","background-size":"auto","background-attachment":"scroll","background-type":"","background-media":"","overlay-type":"","overlay-color":"","overlay-opacity":"","overlay-gradient":""}},"ast-content-background-meta":{"desktop":{"background-color":"var(--ast-global-color-5)","background-image":"","background-repeat":"repeat","background-position":"center center","background-size":"auto","background-attachment":"scroll","background-type":"","background-media":"","overlay-type":"","overlay-color":"","overlay-opacity":"","overlay-gradient":""},"tablet":{"background-color":"var(--ast-global-color-5)","background-image":"","background-repeat":"repeat","background-position":"center center","background-size":"auto","background-attachment":"scroll","background-type":"","background-media":"","overlay-type":"","overlay-color":"","overlay-opacity":"","overlay-gradient":""},"mobile":{"background-color":"var(--ast-global-color-5)","background-image":"","background-repeat":"repeat","background-position":"center center","background-size":"auto","background-attachment":"scroll","background-type":"","background-media":"","overlay-type":"","overlay-color":"","overlay-opacity":"","overlay-gradient":""}},"footnotes":""},"class_list":["post-24","page","type-page","status-publish","hentry"],"yoast_head":"<!-- This site is optimized with the Yoast SEO plugin v27.4 - https:\/\/yoast.com\/product\/yoast-seo-wordpress\/ -->\n<title>Accesibilidad - HAPPYOLE<\/title>\n<meta name=\"robots\" content=\"noindex, follow\" \/>\n<meta property=\"og:locale\" content=\"en_GB\" \/>\n<meta property=\"og:type\" content=\"article\" \/>\n<meta property=\"og:title\" content=\"Accesibilidad - HAPPYOLE\" \/>\n<meta property=\"og:description\" content=\"El propietario del sitio web se ha comprometido en hacer accesible su sitio web de conformidad con el Real Decreto 1112\/2018, de 7 de septiembre, sobre accesibilidad de los sitios web y aplicaciones para dispositivos m\u00f3viles del sector p\u00fablico (en adelante, Real Decreto 1112\/2018, de 7 de septiembre), por el que se traspone la Directiva [&hellip;]\" \/>\n<meta property=\"og:url\" content=\"https:\/\/productosoleyole.com\/en\/accessibility\/\" \/>\n<meta property=\"og:site_name\" content=\"HAPPYOLE\" \/>\n<meta property=\"article:modified_time\" content=\"2023-12-27T10:38:30+00:00\" \/>\n<meta name=\"twitter:card\" content=\"summary_large_image\" \/>\n<meta name=\"twitter:label1\" content=\"Estimated reading time\" \/>\n\t<meta name=\"twitter:data1\" content=\"3 minutes\" \/>\n<script type=\"application\/ld+json\" class=\"yoast-schema-graph\">{\"@context\":\"https:\\\/\\\/schema.org\",\"@graph\":[{\"@type\":\"WebPage\",\"@id\":\"https:\\\/\\\/productosoleyole.com\\\/accesibilidad\\\/\",\"url\":\"https:\\\/\\\/productosoleyole.com\\\/accesibilidad\\\/\",\"name\":\"Accesibilidad - HAPPYOLE\",\"isPartOf\":{\"@id\":\"https:\\\/\\\/productosoleyole.com\\\/#website\"},\"datePublished\":\"2023-06-29T18:28:42+00:00\",\"dateModified\":\"2023-12-27T10:38:30+00:00\",\"breadcrumb\":{\"@id\":\"https:\\\/\\\/productosoleyole.com\\\/accesibilidad\\\/#breadcrumb\"},\"inLanguage\":\"en-GB\",\"potentialAction\":[{\"@type\":\"ReadAction\",\"target\":[\"https:\\\/\\\/productosoleyole.com\\\/accesibilidad\\\/\"]}]},{\"@type\":\"BreadcrumbList\",\"@id\":\"https:\\\/\\\/productosoleyole.com\\\/accesibilidad\\\/#breadcrumb\",\"itemListElement\":[{\"@type\":\"ListItem\",\"position\":1,\"name\":\"Portada\",\"item\":\"https:\\\/\\\/productosoleyole.com\\\/\"},{\"@type\":\"ListItem\",\"position\":2,\"name\":\"Accesibilidad\"}]},{\"@type\":\"WebSite\",\"@id\":\"https:\\\/\\\/productosoleyole.com\\\/#website\",\"url\":\"https:\\\/\\\/productosoleyole.com\\\/\",\"name\":\"HAPPYOLE\",\"description\":\"Sangr\u00edas y cocteles\",\"publisher\":{\"@id\":\"https:\\\/\\\/productosoleyole.com\\\/#organization\"},\"potentialAction\":[{\"@type\":\"SearchAction\",\"target\":{\"@type\":\"EntryPoint\",\"urlTemplate\":\"https:\\\/\\\/productosoleyole.com\\\/?s={search_term_string}\"},\"query-input\":{\"@type\":\"PropertyValueSpecification\",\"valueRequired\":true,\"valueName\":\"search_term_string\"}}],\"inLanguage\":\"en-GB\"},{\"@type\":\"Organization\",\"@id\":\"https:\\\/\\\/productosoleyole.com\\\/#organization\",\"name\":\"HAPPYOLE\",\"url\":\"https:\\\/\\\/productosoleyole.com\\\/\",\"logo\":{\"@type\":\"ImageObject\",\"inLanguage\":\"en-GB\",\"@id\":\"https:\\\/\\\/productosoleyole.com\\\/#\\\/schema\\\/logo\\\/image\\\/\",\"url\":\"https:\\\/\\\/productosoleyole.com\\\/wp-content\\\/uploads\\\/2023\\\/05\\\/logo.png\",\"contentUrl\":\"https:\\\/\\\/productosoleyole.com\\\/wp-content\\\/uploads\\\/2023\\\/05\\\/logo.png\",\"width\":337,\"height\":231,\"caption\":\"HAPPYOLE\"},\"image\":{\"@id\":\"https:\\\/\\\/productosoleyole.com\\\/#\\\/schema\\\/logo\\\/image\\\/\"}}]}<\/script>\n<!-- \/ Yoast SEO plugin. -->","yoast_head_json":{"title":"Accesibilidad - HAPPYOLE","robots":{"index":"noindex","follow":"follow"},"og_locale":"en_GB","og_type":"article","og_title":"Accesibilidad - HAPPYOLE","og_description":"El propietario del sitio web se ha comprometido en hacer accesible su sitio web de conformidad con el Real Decreto 1112\/2018, de 7 de septiembre, sobre accesibilidad de los sitios web y aplicaciones para dispositivos m\u00f3viles del sector p\u00fablico (en adelante, Real Decreto 1112\/2018, de 7 de septiembre), por el que se traspone la Directiva [&hellip;]","og_url":"https:\/\/productosoleyole.com\/en\/accessibility\/","og_site_name":"HAPPYOLE","article_modified_time":"2023-12-27T10:38:30+00:00","twitter_card":"summary_large_image","twitter_misc":{"Estimated reading time":"3 minutes"},"schema":{"@context":"https:\/\/schema.org","@graph":[{"@type":"WebPage","@id":"https:\/\/productosoleyole.com\/accesibilidad\/","url":"https:\/\/productosoleyole.com\/accesibilidad\/","name":"Accesibilidad - HAPPYOLE","isPartOf":{"@id":"https:\/\/productosoleyole.com\/#website"},"datePublished":"2023-06-29T18:28:42+00:00","dateModified":"2023-12-27T10:38:30+00:00","breadcrumb":{"@id":"https:\/\/productosoleyole.com\/accesibilidad\/#breadcrumb"},"inLanguage":"en-GB","potentialAction":[{"@type":"ReadAction","target":["https:\/\/productosoleyole.com\/accesibilidad\/"]}]},{"@type":"BreadcrumbList","@id":"https:\/\/productosoleyole.com\/accesibilidad\/#breadcrumb","itemListElement":[{"@type":"ListItem","position":1,"name":"Portada","item":"https:\/\/productosoleyole.com\/"},{"@type":"ListItem","position":2,"name":"Accesibilidad"}]},{"@type":"WebSite","@id":"https:\/\/productosoleyole.com\/#website","url":"https:\/\/productosoleyole.com\/","name":"HAPPYOLE","description":"Sangr\u00edas y cocteles","publisher":{"@id":"https:\/\/productosoleyole.com\/#organization"},"potentialAction":[{"@type":"SearchAction","target":{"@type":"EntryPoint","urlTemplate":"https:\/\/productosoleyole.com\/?s={search_term_string}"},"query-input":{"@type":"PropertyValueSpecification","valueRequired":true,"valueName":"search_term_string"}}],"inLanguage":"en-GB"},{"@type":"Organization","@id":"https:\/\/productosoleyole.com\/#organization","name":"HAPPYOLE","url":"https:\/\/productosoleyole.com\/","logo":{"@type":"ImageObject","inLanguage":"en-GB","@id":"https:\/\/productosoleyole.com\/#\/schema\/logo\/image\/","url":"https:\/\/productosoleyole.com\/wp-content\/uploads\/2023\/05\/logo.png","contentUrl":"https:\/\/productosoleyole.com\/wp-content\/uploads\/2023\/05\/logo.png","width":337,"height":231,"caption":"HAPPYOLE"},"image":{"@id":"https:\/\/productosoleyole.com\/#\/schema\/logo\/image\/"}}]}},"_links":{"self":[{"href":"https:\/\/productosoleyole.com\/en\/wp-json\/wp\/v2\/pages\/24","targetHints":{"allow":["GET"]}}],"collection":[{"href":"https:\/\/productosoleyole.com\/en\/wp-json\/wp\/v2\/pages"}],"about":[{"href":"https:\/\/productosoleyole.com\/en\/wp-json\/wp\/v2\/types\/page"}],"author":[{"embeddable":true,"href":"https:\/\/productosoleyole.com\/en\/wp-json\/wp\/v2\/users\/2"}],"replies":[{"embeddable":true,"href":"https:\/\/productosoleyole.com\/en\/wp-json\/wp\/v2\/comments?post=24"}],"version-history":[{"count":1,"href":"https:\/\/productosoleyole.com\/en\/wp-json\/wp\/v2\/pages\/24\/revisions"}],"predecessor-version":[{"id":2356,"href":"https:\/\/productosoleyole.com\/en\/wp-json\/wp\/v2\/pages\/24\/revisions\/2356"}],"wp:attachment":[{"href":"https:\/\/productosoleyole.com\/en\/wp-json\/wp\/v2\/media?parent=24"}],"curies":[{"name":"wp","href":"https:\/\/api.w.org\/{rel}","templated":true}]}}